{"id":2,"date":"2021-05-21T09:43:01","date_gmt":"2021-05-21T13:43:01","guid":{"rendered":"https:\/\/www.mecatechsolutions.com\/?page_id=2"},"modified":"2024-07-04T08:36:06","modified_gmt":"2024-07-04T12:36:06","slug":"sample-page","status":"publish","type":"page","link":"https:\/\/www.mecatechsolutions.com\/fr\/","title":{"rendered":"Page d&rsquo;accueil"},"content":{"rendered":"<section class=\"top-container\">\n<div class=\"container h-100\">\n<div class=\"row align-items-center h-100\">\n<div class=\"col-xl-6 col-xxl-5\">\n<div class=\"lc-block h1-div\">\n<div editable=\"rich\">\n<h1>Besoin d\u2019aide en fabrication ou m\u00e9canique industrielle \u00e0 Vaudreuil-Dorion?<\/h1>\n<p>Notre \u00e9quipe r\u00e9alise vos projets !<\/p>\n<\/p><\/div>\n<\/p><\/div>\n<p><!-- \/lc-block --><\/p>\n<div class=\"lc-block\">\n<div lc-helper=\"shortcode\" class=\"live-shortcode\"><a class=\"contact btn\" href=\"https:\/\/www.mecatechsolutions.com\/fr\/nous-joindre\/\" aria-label=\"Soumission gratuite\">Soumission gratuite<\/a><\/div>\n<\/p><\/div>\n<p><!-- \/lc-block -->\n\t\t\t<\/div>\n<p><!-- \/col --><\/p>\n<div class=\"col-xl-6 col-xxl-7\">\n<div class=\"lc-block\"><\/div>\n<p><!-- \/lc-block -->\n\t\t\t<\/div>\n<p><!-- \/col -->\n\t\t<\/div>\n<\/p><\/div>\n<\/section>\n<section class=\"main-container\">\n<div class=\"container\">\n<div class=\"row justify-content-between\">\n<div class=\"col-lg-6 col-xxl-5\">\n<div class=\"lc-block\">\n<div editable=\"rich\">\n<h2 class=\"h3\">Chez M\u00e9catech Solutions, nous offrons des services de <strong>d\u00e9coupe au laser<\/strong> pour tous vos projets de fabrication \u00e0 Vaudreuil-Dorion <\/h2>\n<p>Profitez de notre tout nouveau service de d\u00e9coupe au laser afin de r\u00e9aliser tous vos projets \u00e0 Vaudreuil-Dorion ! En effet, chez M\u00e9catech Solutions, nous mettons \u00e0 votre disposition une \u00e9quipe qui se sp\u00e9cialise dans la d\u00e9coupe de plaque au laser pour l\u2019acier, l\u2019acier inoxydable, l\u2019aluminium\u2026<\/p>\n<p>Avec la d\u00e9coupe au laser, vous aurez droit \u00e0 une d\u00e9coupe de pr\u00e9cision de la plaque et de la feuille de m\u00e9tal pour vos projets de fabrication. Notre atelier sp\u00e9cialis\u00e9 vous ouvre ses portes \u00e0 Rivi\u00e8re-Beaudette, Vaudreuil-Dorion et il nous fera plaisir de r\u00e9pondre \u00e0 toutes vos questions.<\/p>\n<\/p><\/div>\n<\/p><\/div>\n<p><!-- \/lc-block --><\/p>\n<div class=\"lc-block\">\n<div lc-helper=\"shortcode\" class=\"live-shortcode\"><a class=\"gray contact btn\" href=\"https:\/\/www.mecatechsolutions.com\/fr\/nous-joindre\/\" aria-label=\"Contactez-nous\">Contactez-nous<\/a><\/div>\n<\/p><\/div>\n<p><!-- \/lc-block -->\n\t\t\t<\/div>\n<p><!-- \/col --><\/p>\n<div class=\"col-lg-6 col-xxl-5\">\n<div class=\"lc-block\">\n<div editable=\"rich\">\n<h3 class=\"h1\"><strong>D\u00e9coupage au laser disponible<\/strong>Pour vos projets industriels \u00e0 Vaudreuil-Dorion\u2026<\/h3>\n<p>En plus de la d\u00e9coupe au laser, chez M\u00e9catech Solutions, nous avons pu b\u00e2tir notre r\u00e9putation au fil des ann\u00e9es gr\u00e2ce \u00e0 nos services exceptionnels de m\u00e9canique industrielle, offerts dans la r\u00e9gion de Vaudreuil-Dorion. En effet, nous faisons la r\u00e9paration et l\u2019entretien m\u00e9canique d\u2019\u00e9quipement de production par le biais de notre service de m\u00e9canique mobile qui se d\u00e9place jusqu\u2019\u00e0 votre domicile, en plus de notre atelier de r\u00e9paration situ\u00e9 \u00e0 Vaudreuil-Dorion.<\/p>\n<p>Sp\u00e9cialis\u00e9 en m\u00e9canique de pr\u00e9cision, chez M\u00e9catech Solutions, nous offrons \u00e9galement de l\u2019alignement au laser, inspection stroboscopique, analyse ultrasonique et service d\u2019analyse d\u2019huile.<\/p>\n<p>Contactez M\u00e9catech Solutions d\u00e8s aujourd\u2019hui pour votre projet, il nous fera plaisir de faire affaire avec vous.<\/p>\n<\/p><\/div>\n<\/p><\/div>\n<p><!-- \/lc-block --><\/p>\n<div class=\"lc-block\">\n<div lc-helper=\"shortcode\" class=\"live-shortcode\"><a class=\"contact btn\" href=\"https:\/\/www.mecatechsolutions.com\/fr\/nous-joindre\/\" aria-label=\"Demandez-nous un prix\">Demandez-nous un prix<\/a><\/div>\n<\/p><\/div>\n<p><!-- \/lc-block -->\n\t\t\t<\/div>\n<p><!-- \/col -->\n\t\t<\/div>\n<\/p><\/div>\n<\/section>\n<section>\n<div lc-helper=\"shortcode\" class=\"live-shortcode\"><section class=\"slider-gallery-container\"><div class=\"container\"><div class=\"col-12\"><h3>Nos r\u00e9alisations<\/h3><div class=\"flexslider\"><ul class=\"slides\"><li><a href=\"https:\/\/www.mecatechsolutions.com\/wp-content\/uploads\/2021\/05\/laser-2795229_1920@2x.jpg\" class=\"image-link\"><img decoding=\"async\" src=\"https:\/\/www.mecatechsolutions.com\/wp-content\/uploads\/2021\/05\/laser-2795229_1920@2x-340x340.jpg\" width=\"340\" heigh=\"1\" alt=\"\" ><\/a><\/li><li><a href=\"https:\/\/www.mecatechsolutions.com\/wp-content\/uploads\/2021\/05\/laser-2819143_1920@2x.jpg\" class=\"image-link\"><img decoding=\"async\" src=\"https:\/\/www.mecatechsolutions.com\/wp-content\/uploads\/2021\/05\/laser-2819143_1920@2x-340x340.jpg\" width=\"340\" heigh=\"1\" alt=\"\" ><\/a><\/li><li><a href=\"https:\/\/www.mecatechsolutions.com\/wp-content\/uploads\/2021\/05\/laser-6078456_1920@2x.jpg\" class=\"image-link\"><img decoding=\"async\" src=\"https:\/\/www.mecatechsolutions.com\/wp-content\/uploads\/2021\/05\/laser-6078456_1920@2x-340x340.jpg\" width=\"340\" heigh=\"1\" alt=\"\" ><\/a><\/li><li><a href=\"https:\/\/www.mecatechsolutions.com\/wp-content\/uploads\/2021\/05\/technology-5648026_1920@2x.jpg\" class=\"image-link\"><img decoding=\"async\" src=\"https:\/\/www.mecatechsolutions.com\/wp-content\/uploads\/2021\/05\/technology-5648026_1920@2x-340x340.jpg\" width=\"340\" heigh=\"1\" alt=\"\" ><\/a><\/li><li><a href=\"https:\/\/www.mecatechsolutions.com\/wp-content\/uploads\/2021\/05\/laser-2795229_1920@2x-1.jpg\" class=\"image-link\"><img decoding=\"async\" src=\"https:\/\/www.mecatechsolutions.com\/wp-content\/uploads\/2021\/05\/laser-2795229_1920@2x-1-340x340.jpg\" width=\"340\" heigh=\"1\" alt=\"\" ><\/a><\/li><li><a href=\"https:\/\/www.mecatechsolutions.com\/wp-content\/uploads\/2021\/05\/laser-2819143_1920@2x-1.jpg\" class=\"image-link\"><img decoding=\"async\" src=\"https:\/\/www.mecatechsolutions.com\/wp-content\/uploads\/2021\/05\/laser-2819143_1920@2x-1-340x340.jpg\" width=\"340\" heigh=\"1\" alt=\"\" ><\/a><\/li><li><a href=\"https:\/\/www.mecatechsolutions.com\/wp-content\/uploads\/2021\/05\/laser-6078456_1920@2x-1.jpg\" class=\"image-link\"><img decoding=\"async\" src=\"https:\/\/www.mecatechsolutions.com\/wp-content\/uploads\/2021\/05\/laser-6078456_1920@2x-1-340x340.jpg\" width=\"340\" heigh=\"1\" alt=\"\" ><\/a><\/li><li><a href=\"https:\/\/www.mecatechsolutions.com\/wp-content\/uploads\/2021\/05\/technology-5648026_1920@2x-1.jpg\" class=\"image-link\"><img decoding=\"async\" src=\"https:\/\/www.mecatechsolutions.com\/wp-content\/uploads\/2021\/05\/technology-5648026_1920@2x-1-340x340.jpg\" width=\"340\" heigh=\"1\" alt=\"\" ><\/a><\/li><\/ul><\/div><\/div><\/div><\/section><\/div>\n<\/section>\n<section class=\"services-container\">\n<div class=\"container\">\n<div class=\"row\">\n<div class=\"col-lg-4\">\n<div class=\"lc-block liste-services\">\n<div lc-helper=\"shortcode\" class=\"live-shortcode\"><h3>Services offerts<\/h3><ul><li>Entretien<\/li><li>R\u00e9paration<\/li><li>Conception<\/li><li>Installation<\/li><li>Support technique<\/li><li>D\u00e9coupe au laser<\/li><li>Usinage et fabrication de tout genre<\/li><li>Modification et modernisation d\u2019\u00e9quipements<\/li><\/ul><\/div>\n<\/p><\/div>\n<p><!-- \/lc-block -->\n\t\t\t<\/div>\n<p><!-- \/col --><\/p>\n<div class=\"col-lg-8\">\n<div class=\"question\">\n<div class=\"lc-block\">\n<div editable=\"rich\">\n<h4>Votre projet a besoin d\u2019experts en d\u00e9coupe au laser?<\/h4>\n<p>Chez M\u00e9catech Solutions, nous savons \u00e0 quel point il est important d\u2019utiliser les bons outils et les bonnes techniques pour obtenir le r\u00e9sultat d\u00e9sir\u00e9. Pour cela, nous mettons \u00e0 votre disposition nos services de d\u00e9coupe au laser et notre \u00e9quipe sp\u00e9cialis\u00e9e dans la r\u00e9gion de Vaudreuil-Dorion.<\/p>\n<p>En plus de cela, en faisant affaire avec M\u00e9catech Solutions, vous pourrez profiter de nos autres services d\u2019entretien, de r\u00e9paration, d\u2019installation d\u2019\u00e9quipements de production et bien plus.<\/p>\n<p>Vous avez des questions? Communiquez avec nous d\u00e8s maintenant et commencez votre projet industriel \u00e0 Vaudreuil-Dorion.<\/p>\n<\/p><\/div>\n<\/p><\/div>\n<p><!-- \/lc-block --><\/p>\n<div class=\"lc-block\">\n<div lc-helper=\"shortcode\" class=\"live-shortcode\"><a class=\"contact btn\" href=\"https:\/\/www.mecatechsolutions.com\/fr\/nous-joindre\/\" aria-label=\"Obtenez une estimation\">Obtenez une estimation<\/a><\/div>\n<\/p><\/div>\n<p><!-- \/lc-block -->\n\t\t\t\t<\/div>\n<\/p><\/div>\n<p><!-- \/col -->\n\t\t<\/div>\n<\/p><\/div>\n<\/section>\n","protected":false},"excerpt":{"rendered":"<p>Besoin d\u2019aide en fabrication ou m\u00e9canique industrielle \u00e0 Vaudreuil-Dorion? Notre \u00e9quipe r\u00e9alise vos projets ! Chez M\u00e9catech Solutions, nous offrons des services de d\u00e9coupe au laser pour tous vos projets de fabrication \u00e0 Vaudreuil-Dorion Profitez de notre tout nouveau service de d\u00e9coupe au laser afin de r\u00e9aliser tous vos projets \u00e0 Vaudreuil-Dorion ! En effet, [&hellip;]<\/p>\n","protected":false},"author":1,"featured_media":0,"parent":0,"menu_order":0,"comment_status":"closed","ping_status":"open","template":"","meta":{"footnotes":""},"class_list":["post-2","page","type-page","status-publish","hentry"],"_links":{"self":[{"href":"https:\/\/www.mecatechsolutions.com\/fr\/wp-json\/wp\/v2\/pages\/2","targetHints":{"allow":["GET"]}}],"collection":[{"href":"https:\/\/www.mecatechsolutions.com\/fr\/wp-json\/wp\/v2\/pages"}],"about":[{"href":"https:\/\/www.mecatechsolutions.com\/fr\/wp-json\/wp\/v2\/types\/page"}],"author":[{"embeddable":true,"href":"https:\/\/www.mecatechsolutions.com\/fr\/wp-json\/wp\/v2\/users\/1"}],"replies":[{"embeddable":true,"href":"https:\/\/www.mecatechsolutions.com\/fr\/wp-json\/wp\/v2\/comments?post=2"}],"version-history":[{"count":27,"href":"https:\/\/www.mecatechsolutions.com\/fr\/wp-json\/wp\/v2\/pages\/2\/revisions"}],"predecessor-version":[{"id":1467,"href":"https:\/\/www.mecatechsolutions.com\/fr\/wp-json\/wp\/v2\/pages\/2\/revisions\/1467"}],"wp:attachment":[{"href":"https:\/\/www.mecatechsolutions.com\/fr\/wp-json\/wp\/v2\/media?parent=2"}],"curies":[{"name":"wp","href":"https:\/\/api.w.org\/{rel}","templated":true}]}}