{"id":12,"date":"2021-05-21T10:05:16","date_gmt":"2021-05-21T14:05:16","guid":{"rendered":"https:\/\/www.mecatechsolutions.com\/?page_id=12"},"modified":"2024-07-04T08:41:43","modified_gmt":"2024-07-04T12:41:43","slug":"nous-joindre","status":"publish","type":"page","link":"https:\/\/www.mecatechsolutions.com\/fr\/nous-joindre\/","title":{"rendered":"Nous joindre"},"content":{"rendered":"<p>Que ce soit pour la d\u00e9coupe au laser ou autre service li\u00e9 \u00e0 vos \u00e9quipements de production, contactez M\u00e9catech Solutions \u00e0 Vaudreuil-Dorion<\/p>\n","protected":false},"excerpt":{"rendered":"<p>Que ce soit pour la d\u00e9coupe au laser ou autre service li\u00e9 \u00e0 vos \u00e9quipements de production, contactez M\u00e9catech Solutions \u00e0 Vaudreuil-Dorion<\/p>\n","protected":false},"author":1,"featured_media":0,"parent":0,"menu_order":0,"comment_status":"closed","ping_status":"closed","template":"page-templates\/contact.php","meta":{"footnotes":""},"class_list":["post-12","page","type-page","status-publish","hentry"],"_links":{"self":[{"href":"https:\/\/www.mecatechsolutions.com\/fr\/wp-json\/wp\/v2\/pages\/12","targetHints":{"allow":["GET"]}}],"collection":[{"href":"https:\/\/www.mecatechsolutions.com\/fr\/wp-json\/wp\/v2\/pages"}],"about":[{"href":"https:\/\/www.mecatechsolutions.com\/fr\/wp-json\/wp\/v2\/types\/page"}],"author":[{"embeddable":true,"href":"https:\/\/www.mecatechsolutions.com\/fr\/wp-json\/wp\/v2\/users\/1"}],"replies":[{"embeddable":true,"href":"https:\/\/www.mecatechsolutions.com\/fr\/wp-json\/wp\/v2\/comments?post=12"}],"version-history":[{"count":4,"href":"https:\/\/www.mecatechsolutions.com\/fr\/wp-json\/wp\/v2\/pages\/12\/revisions"}],"predecessor-version":[{"id":1470,"href":"https:\/\/www.mecatechsolutions.com\/fr\/wp-json\/wp\/v2\/pages\/12\/revisions\/1470"}],"wp:attachment":[{"href":"https:\/\/www.mecatechsolutions.com\/fr\/wp-json\/wp\/v2\/media?parent=12"}],"curies":[{"name":"wp","href":"https:\/\/api.w.org\/{rel}","templated":true}]}}