{"id":10,"date":"2021-05-21T10:03:18","date_gmt":"2021-05-21T14:03:18","guid":{"rendered":"https:\/\/www.mecatechsolutions.com\/?page_id=10"},"modified":"2024-07-04T08:41:35","modified_gmt":"2024-07-04T12:41:35","slug":"services","status":"publish","type":"page","link":"https:\/\/www.mecatechsolutions.com\/fr\/services\/","title":{"rendered":"Services"},"content":{"rendered":"<section class=\"top-container services\">\n<div class=\"container h-100\">\n<div class=\"row align-items-center h-100\">\n<div class=\"col-xl-7 col-xxl-5\">\n<div class=\"lc-block h1-div\">\n<div editable=\"rich\">\n<h1>Chez M\u00e9catech Solutions, nous nous sp\u00e9cialisons dans la d\u00e9coupe au laser<\/h1>\n<p>et tout autre service pour vos \u00e9quipements de production \u00e0 Vaudreuil-Dorion<\/p>\n<\/p><\/div>\n<\/p><\/div>\n<p><!-- \/lc-block --><\/p>\n<div class=\"lc-block\">\n<div lc-helper=\"shortcode\" class=\"live-shortcode\"><a class=\"contact btn\" href=\"https:\/\/www.mecatechsolutions.com\/fr\/nous-joindre\/\" aria-label=\"Soumission gratuite\">Soumission gratuite<\/a><\/div>\n<\/p><\/div>\n<p><!-- \/lc-block -->\n\t\t\t<\/div>\n<p><!-- \/col --><\/p>\n<div class=\"col-xl-5 col-xxl-7\">\n<div class=\"lc-block\"><\/div>\n<p><!-- \/lc-block -->\n\t\t\t<\/div>\n<p><!-- \/col -->\n\t\t<\/div>\n<\/p><\/div>\n<\/section>\n<section class=\"main-container\">\n<div class=\"container\">\n<div class=\"row justify-content-between\">\n<div class=\"col-lg-6 col-xxl-5\">\n<div class=\"lc-block\">\n<div editable=\"rich\">\n<h2 class=\"h3\"><strong>Nouveau<\/strong> &#8211; D\u00e9coupe au Laser<\/h2>\n<p>Chez M\u00e9catech Solutions, notre \u00e9quipe prend le temps n\u00e9cessaire pour vous offrir son expertise et des r\u00e9sultats \u00e0 la hauteur de vos attentes. La d\u00e9coupe au laser est id\u00e9ale pour l\u2019acier, l\u2019acier inoxydable, l\u2019aluminium\u2026<\/p>\n<p>Cette m\u00e9thode apporte beaucoup de pr\u00e9cisions lors de la d\u00e9coupe des plaques et feuilles de m\u00e9tal. Notre nouvel atelier est situ\u00e9 \u00e0 Rivi\u00e8re-Beaudette et nous sommes disponibles pour vous accompagner durant vos projets.<\/p>\n<p>Contactez M\u00e9catech Solutions \u00e0 Vaudreuil-Dorion pour avoir plus de renseignements et d\u00e9buter votre projet !<\/p>\n<\/p><\/div>\n<\/p><\/div>\n<p><!-- \/lc-block --><\/p>\n<div class=\"lc-block\">\n<div lc-helper=\"shortcode\" class=\"live-shortcode\"><a class=\"gray contact btn\" href=\"https:\/\/www.mecatechsolutions.com\/fr\/nous-joindre\/\" aria-label=\"Contactez-nous\">Contactez-nous<\/a><\/div>\n<\/p><\/div>\n<p><!-- \/lc-block -->\n\t\t\t<\/div>\n<p><!-- \/col --><\/p>\n<div class=\"col-lg-6 col-xxl-5\">\n<div class=\"lc-block mt-4 mt-lg-0\">\n<div editable=\"rich\">\n<h3 class=\"mt-0\">M\u00e9canique industrielle<\/h3>\n<p>La m\u00e9canique industrielle est la sp\u00e9cialit\u00e9 de M\u00e9catech Solutions. Nous faisons de la r\u00e9paration et l\u2019entretien m\u00e9canique d\u2019\u00e9quipement de production et nous nous d\u00e9pla\u00e7ons chez nos clients gr\u00e2ce \u00e0 notre service de m\u00e9canique mobile. Nous sommes aussi disponibles \u00e0 l\u2019atelier de r\u00e9paration situ\u00e9 \u00e0 Vaudreuil-Dorion.<\/p>\n<p>Chez M\u00e9catech Solutions, nous ne faisons pas que l\u2019entretien et la r\u00e9paration, mais nous nous sp\u00e9cialisons aussi en m\u00e9canique de pr\u00e9cision pour vous offrir une vari\u00e9t\u00e9 de services comme l\u2019alignement au laser, inspection stroboscopique, analyse ultrasonique, service d\u2019analyse d\u2019huile.<\/p>\n<p>Si vous avez un projet, consultez nos experts d\u00e8s maintenant \u00e0 Vaudreuil-Dorion<\/p>\n<\/p><\/div>\n<\/p><\/div>\n<p><!-- \/lc-block --><\/p>\n<div class=\"lc-block\">\n<div lc-helper=\"shortcode\" class=\"live-shortcode\"><a class=\"contact btn\" href=\"https:\/\/www.mecatechsolutions.com\/fr\/nous-joindre\/\" aria-label=\"Demandez-nous un prix\">Demandez-nous un prix<\/a><\/div>\n<\/p><\/div>\n<p><!-- \/lc-block -->\n\t\t\t<\/div>\n<p><!-- \/col -->\n\t\t<\/div>\n<\/p><\/div>\n<\/section>\n<section>\n<div lc-helper=\"shortcode\" class=\"live-shortcode\"><section class=\"slider-gallery-container\"><div class=\"container\"><div class=\"col-12\"><h3>Nos r\u00e9alisations<\/h3><div class=\"flexslider\"><ul class=\"slides\"><li><a href=\"https:\/\/www.mecatechsolutions.com\/wp-content\/uploads\/2021\/05\/laser-2795229_1920@2x.jpg\" class=\"image-link\"><img decoding=\"async\" src=\"https:\/\/www.mecatechsolutions.com\/wp-content\/uploads\/2021\/05\/laser-2795229_1920@2x-340x340.jpg\" width=\"340\" heigh=\"1\" alt=\"\" ><\/a><\/li><li><a href=\"https:\/\/www.mecatechsolutions.com\/wp-content\/uploads\/2021\/05\/laser-2819143_1920@2x.jpg\" class=\"image-link\"><img decoding=\"async\" src=\"https:\/\/www.mecatechsolutions.com\/wp-content\/uploads\/2021\/05\/laser-2819143_1920@2x-340x340.jpg\" width=\"340\" heigh=\"1\" alt=\"\" ><\/a><\/li><li><a href=\"https:\/\/www.mecatechsolutions.com\/wp-content\/uploads\/2021\/05\/laser-6078456_1920@2x.jpg\" class=\"image-link\"><img decoding=\"async\" src=\"https:\/\/www.mecatechsolutions.com\/wp-content\/uploads\/2021\/05\/laser-6078456_1920@2x-340x340.jpg\" width=\"340\" heigh=\"1\" alt=\"\" ><\/a><\/li><li><a href=\"https:\/\/www.mecatechsolutions.com\/wp-content\/uploads\/2021\/05\/technology-5648026_1920@2x.jpg\" class=\"image-link\"><img decoding=\"async\" src=\"https:\/\/www.mecatechsolutions.com\/wp-content\/uploads\/2021\/05\/technology-5648026_1920@2x-340x340.jpg\" width=\"340\" heigh=\"1\" alt=\"\" ><\/a><\/li><li><a href=\"https:\/\/www.mecatechsolutions.com\/wp-content\/uploads\/2021\/05\/laser-2795229_1920@2x-1.jpg\" class=\"image-link\"><img decoding=\"async\" src=\"https:\/\/www.mecatechsolutions.com\/wp-content\/uploads\/2021\/05\/laser-2795229_1920@2x-1-340x340.jpg\" width=\"340\" heigh=\"1\" alt=\"\" ><\/a><\/li><li><a href=\"https:\/\/www.mecatechsolutions.com\/wp-content\/uploads\/2021\/05\/laser-2819143_1920@2x-1.jpg\" class=\"image-link\"><img decoding=\"async\" src=\"https:\/\/www.mecatechsolutions.com\/wp-content\/uploads\/2021\/05\/laser-2819143_1920@2x-1-340x340.jpg\" width=\"340\" heigh=\"1\" alt=\"\" ><\/a><\/li><li><a href=\"https:\/\/www.mecatechsolutions.com\/wp-content\/uploads\/2021\/05\/laser-6078456_1920@2x-1.jpg\" class=\"image-link\"><img decoding=\"async\" src=\"https:\/\/www.mecatechsolutions.com\/wp-content\/uploads\/2021\/05\/laser-6078456_1920@2x-1-340x340.jpg\" width=\"340\" heigh=\"1\" alt=\"\" ><\/a><\/li><li><a href=\"https:\/\/www.mecatechsolutions.com\/wp-content\/uploads\/2021\/05\/technology-5648026_1920@2x-1.jpg\" class=\"image-link\"><img decoding=\"async\" src=\"https:\/\/www.mecatechsolutions.com\/wp-content\/uploads\/2021\/05\/technology-5648026_1920@2x-1-340x340.jpg\" width=\"340\" heigh=\"1\" alt=\"\" ><\/a><\/li><\/ul><\/div><\/div><\/div><\/section><\/div>\n<\/section>\n","protected":false},"excerpt":{"rendered":"<p>Chez M\u00e9catech Solutions, nous nous sp\u00e9cialisons dans la d\u00e9coupe au laser et tout autre service pour vos \u00e9quipements de production \u00e0 Vaudreuil-Dorion Nouveau &#8211; D\u00e9coupe au Laser Chez M\u00e9catech Solutions, notre \u00e9quipe prend le temps n\u00e9cessaire pour vous offrir son expertise et des r\u00e9sultats \u00e0 la hauteur de vos attentes. La d\u00e9coupe au laser est [&hellip;]<\/p>\n","protected":false},"author":1,"featured_media":0,"parent":0,"menu_order":0,"comment_status":"closed","ping_status":"closed","template":"","meta":{"footnotes":""},"class_list":["post-10","page","type-page","status-publish","hentry"],"_links":{"self":[{"href":"https:\/\/www.mecatechsolutions.com\/fr\/wp-json\/wp\/v2\/pages\/10","targetHints":{"allow":["GET"]}}],"collection":[{"href":"https:\/\/www.mecatechsolutions.com\/fr\/wp-json\/wp\/v2\/pages"}],"about":[{"href":"https:\/\/www.mecatechsolutions.com\/fr\/wp-json\/wp\/v2\/types\/page"}],"author":[{"embeddable":true,"href":"https:\/\/www.mecatechsolutions.com\/fr\/wp-json\/wp\/v2\/users\/1"}],"replies":[{"embeddable":true,"href":"https:\/\/www.mecatechsolutions.com\/fr\/wp-json\/wp\/v2\/comments?post=10"}],"version-history":[{"count":9,"href":"https:\/\/www.mecatechsolutions.com\/fr\/wp-json\/wp\/v2\/pages\/10\/revisions"}],"predecessor-version":[{"id":1469,"href":"https:\/\/www.mecatechsolutions.com\/fr\/wp-json\/wp\/v2\/pages\/10\/revisions\/1469"}],"wp:attachment":[{"href":"https:\/\/www.mecatechsolutions.com\/fr\/wp-json\/wp\/v2\/media?parent=10"}],"curies":[{"name":"wp","href":"https:\/\/api.w.org\/{rel}","templated":true}]}}